{"id":128,"date":"2024-02-28T19:36:28","date_gmt":"2024-02-28T18:36:28","guid":{"rendered":"https:\/\/www.tcunionmoedling.com\/?page_id=128"},"modified":"2024-03-07T11:24:03","modified_gmt":"2024-03-07T10:24:03","slug":"impressum","status":"publish","type":"page","link":"https:\/\/www.tcunionmoedling.com\/?page_id=128","title":{"rendered":"Impressum \/ Datenschutz"},"content":{"rendered":"\n<h2 class=\"wp-block-heading\">Impressum<\/h2>\n\n\n\n<h3 class=\"wp-block-heading\">Medieninhaber\/Herausgeber<\/h3>\n\n\n\n<p>Tennisclub Union M\u00f6dling<br>Dr.-Otto-F\u00fcster-Gasse 14<br>2340 M\u00f6dling<\/p>\n\n\n\n<p>ZVR-Zahl: 175539054<\/p>\n\n\n\n<h3 class=\"wp-block-heading\">Systemadministrator\/Kontaktperson<\/h3>\n\n\n\n<p>Hannes Leybold<br>+436641829397<br>tcunionmoedling@gmail.com<\/p>\n\n\n\n<h2 class=\"wp-block-heading\">Datenschutz<\/h2>\n\n\n\n<p>Der Schutz Ihrer Daten ist uns wichtig. Wir wollen Sie daher an dieser Stelle dar\u00fcber informieren, welche personenbezogenen Daten wir in unserem Verein zu welchem Zweck verarbeiten.<\/p>\n\n\n\n<p><strong>1. Ihre Mitgliedschaft im Verein<\/strong><br>Als Mitglied unseres Vereins, schlie\u00dfen Sie mit uns einen Mitgliedschaftsvertrag ab. Zum Zwecke der Erf\u00fcllung der Vereinsaufgaben gem\u00e4\u00df unseren Vereinsstatuten verarbeiten wir von Ihnen folgende personenbezogene Daten: Name, Anschrift, E-Mail-Adresse, Geburtsdatum. Gem\u00e4\u00df den Statuten des \u00d6sterreichischen Tennisverbands (\u00d6TV) sowie des Nieder\u00f6sterreichischen Tennisverbands (N\u00d6TV) sind Sie als Mitglied unseres Vereins auch au\u00dferordentliches Mitglied des \u00d6TV sowie des N\u00d6TV. Zu diesem Zwecke werden Ihre Daten \u00fcber das vom \u00d6TV und dem N\u00d6TV betriebene Datenverwaltungssystem auch an den \u00d6TV bzw. den N\u00d6TV \u00fcbermittelt. Ihre Daten werden f\u00fcr die Dauer der Mitgliedschaft bei uns gespeichert. F\u00fcr den Fall Ihres Austritts aus dem Verein werden Ihre Daten zur Erf\u00fcllung unserer gesetzlichen Aufbewahrungspflicht f\u00fcr die Dauer von 7 Jahren gespeichert.<br><br><strong>2. Ihre Teilnahme an unseren Veranstaltungen<\/strong><br>Als Teilnehmer an Veranstaltungen und Wettbewerben unseres Vereins werden Ihre personenbezogenen Daten, soweit diese f\u00fcr die Leistungs-\/Ergebniserfassung bzw. Das Ergebnismanagement im Zusammenhang mit der Anmeldung oder Teilnahme an den Veranstaltungen oder Wettk\u00e4mpfen erforderlich sind, gespeichert. Nachdem es ein \u00f6ffentliches Interesse an der Verarbeitung, Ver\u00f6ffentlichung und Archivierung von Sportergebnissen aller Klassen gibt, werden diese Ergebnisse von uns bzw. vom \u00d6TV oder dem N\u00d6TV gespeichert und zug\u00e4nglich gemacht. Wir d\u00fcrfen Sie dar\u00fcber hinaus informieren, dass im Rahmen unserer Vereinsveranstaltungen und Wettbewerbe m\u00f6glicherweise Fotografien und\/oder Filme erstellt werden. Diese Aufnahmen k\u00f6nnen in verschiedenen Medien (Print, TV, Online) und in Publikationen (Print, Online) unseres Vereins, des \u00d6TV oder des N\u00d6TV Verwendung finden.<br><br><strong>3. Ihr Besuch auf unserer Website<\/strong><br>Der Verein ist f\u00fcr die inhaltliche Gestaltung der Website verantwortlich und Ist sowohl Medieninhaber als auch Herausgeber. Im Zuge Ihres Besuchs unserer Website werden wir folgende Informationen erheben- Das Datum und die Uhrzeit des Aufrufs unserer Website\\n- Ihre IP \u2013 Adresse\\n- Name und Version Ihres Webbrowsers- Und jene Informationen, die Sie selbst durch Ausf\u00fcllen des Kontaktformulars zur Verf\u00fcgung stellen. Diese Daten werden zu folgenden Zwecken verarbeitet: Um Ihnen diese Website zur Verf\u00fcgung zu stellen, um diese Website weiter zu verbessern und zu entwickeln sowie, um auf Ihre Anfragen zu antworten. Wenn Sie auf dieser Website personenbezogene Daten eingeben, erteilen Sie uns mit der Eingabe Ihrer Daten die Zustimmung, dass wir diese Daten zum angegebenen Zweck elektronisch verwenden d\u00fcrfen. Diese Daten werden sicher verwahrt und nicht an Dritte weitergegeben. Davon ausgenommen ist die Weitergabe an staatliche Beh\u00f6rden, sofern der Verein gesetzlich dazu verpflichtet ist. Es besteht keine Verpflichtung, jene Daten um deren Angabe wir Sie auf unserer Website bitten, tats\u00e4chlich anzugeben. Wenn Sie dies jedoch nicht tun, wird es Ihnen nicht m\u00f6glich sein, alle Funktionen der Website zu nutzen.<br><br><strong>4. Rechtsgrundlagen der Verarbeitung<\/strong><br>Die rechtliche Grundlage f\u00fcr die Verarbeitung Ihrer personenbezogenen Daten erfolgt aufgrund Ihres Mitgliedschaftsverh\u00e4ltnisses, Ihrer Teilnahme an Wettbewerben f\u00fcr unseren Verein (Mannschaftbewerbe), Ihrer Teilnahme an unseren Veranstaltungen, Ihres Besuchs auf unserer Website bzw. liegt sonst in unserem berechtigten Interesse gem\u00e4\u00df DSGVO, welches darin besteht, die oben unter Punkt 1. \u2013 3. Genannten Zwecke zu erreichen.<br><br><strong>5. Cookies<\/strong><br>Auf dieser Website werden sogenannte Cookies verwendet. Ein Cookie ist eine Datei, die auf Ihrem Computer gespeichert werden kann, wie Sie eine Website besuchen. Grunds\u00e4tzlich werden Cookies verwendet, um Nutzern zus\u00e4tzliche Funktionen auf einer Website zu bieten. Sie k\u00f6nnen zum Beispiel verwendet werden, um Ihnen die Navigation auf der Website zu erleichtern, es Ihnen zu erm\u00f6glichen, eine Website dort weiter zu verwenden, wie Sie sie verlassen haben und \/oder Ihre Pr\u00e4ferenzen und Einstellungen zu speichern, wenn Sie die Website wieder besuchen. Cookies k\u00f6nnen auf keine anderen Daten auf Ihrem Computer zugreifen, diese lesen oder ver\u00e4ndern. Wenn Sie Cookies nicht akzeptieren m\u00f6chten, \u00e4ndern Sie bitte Ihre Browsereinstellung entsprechend. Beachten Sie, dass dadurch Funktionalit\u00e4ten der Website eingeschr\u00e4nkt werden k\u00f6nnen.<br><br><strong>6. \u00dcbermittlung Ihrer personenbezogenen Daten an Dritte<\/strong><br>Wir setzen zur sicheren Verarbeitung Ihrer personenbezogenen Daten sowie auf unserer Website auch Programme und Tools von Drittanbietern ein, mit welchen wir Auftragsverarbeiter-Vereinbarungen abgeschlossen und damit sichergestellt haben, dass auch diese den Schutz Ihrer personenbezogenen Daten im Sinne der DSGVO gew\u00e4hrleisten.<br><br><strong>7. Ihre Rechte im Zusammenhang mit Ihren personenbezogenen Daten<\/strong><br>Ihnen stehen grunds\u00e4tzlich die Rechte auf Auskunft, Berichtigung, L\u00f6schung, Einschr\u00e4nkung, Daten\u00fcbertragbarkeit und Widerspruch zu. Daf\u00fcr wenden Sie sich bitte per Mail oder Telefon an uns &#8211; die Kontaktdaten finden sie auf dieser Webseite. Falls Sie der Meinung sind, dass die Verarbeitung Ihrer Daten gegen das Datenschutzrecht verst\u00f6\u00dft oder Ihre datenschutzrechtlichen Anspr\u00fcche sonst in Einer Weise verletzt worden sind, haben Sie die M\u00f6glichkeit sich an die Datenschutzbeh\u00f6rde zu wenden.<br><br><strong>8. Urheberrecht<\/strong><br>Der Inhalt dieser Homepage ist urheberrechtlich gesch\u00fctzt. Die Informationen sind nur f\u00fcr die pers\u00f6nliche Verwendung bestimmt. Jede weitergehende Nutzung- insbesondere die Speicherung in Datenbanken die Vervielf\u00e4ltigung und jede Form Von gewerblicher Nutzung sowie die Weitergabe an Dritte (auch in Teilen oder in \u00fcberarbeiteter Form) \u2013 ohne Zustimmung des Vereins ist untersagt<br><br><strong>9. Haftungsausschuss<\/strong><br>Im Hinblick auf die technischen Eigenschaften des Internets kann keine Gew\u00e4hr f\u00fcr Die Authentizit\u00e4t, Richtigkeit und Vollst\u00e4ndigkeit der im Internet zur Verf\u00fcgung gestellten Informationen \u00fcbernommen werden. Weiters wird auch keine Gew\u00e4hr f\u00fcr Die Verf\u00fcgbarkeit oder den Betrieb der gegenst\u00e4ndlichen Webseite und ihrer Inhalte \u00fcbernommen. Jede Haftung f\u00fcr unmittelbare, mittelbare oder sonstige Sch\u00e4den, unabh\u00e4ngig von deren Ursachen, die aus der Benutzung oder Nichtverf\u00fcgbarkeit der Daten und Informationen dieser Webseite erwachsen, wird, soweit rechtlich zul\u00e4ssig, ausgeschlossen. Der Verein weist darauf hin, dass f\u00fcr die Inhalte der genutzten Links keine Verantwortung und keine Haftung \u00fcbernommen wird. Jede Einbindung dieser Webseite und Teilen davon ist untersagt. Der Verein \u00fcberpr\u00fcft andere Webseiten, zu denen sich direkte Zugangsm\u00f6glichkeiten (Links) auf den Vereins \u2013 Internetseiten befinden, nicht hinsichtlich Inhalt und Gesetzm\u00e4\u00dfigkeit. Der Verein \u00fcbernimmt keinen Einfluss auf die Gestaltung dieser Webseiten und distanziert sich ausdr\u00fccklich von den dort dargestellten, allenfalls ungesetzlichen Inhalten. Der Verein \u00fcbernimmt dar\u00fcber hinaus keine Verantwortung f\u00fcr solche Inhalte und haftet f\u00fcr derartige Inhalte auch nicht.<br><br><strong>10. Gender-Erkl\u00e4rung<\/strong><br>Alle auf der Website des Vereins vorkommenden nicht spezifischen Geschlechtsangaben folgen dem Unisex-Prinzip und gelten somit f\u00fcr beide Geschlechter gleicherma\u00dfen.<\/p>\n","protected":false},"excerpt":{"rendered":"<p>Impressum Medieninhaber\/Herausgeber Tennisclub Union M\u00f6dlingDr.-Otto-F\u00fcster-Gasse 142340 M\u00f6dling ZVR-Zahl: 175539054 Systemadministrator\/Kontaktperson Hannes Leybold+436641829397tcunionmoedling@gmail.com Datenschutz Der Schutz Ihrer Daten ist uns wichtig. Wir wollen Sie daher an dieser Stelle dar\u00fcber informieren, welche personenbezogenen Daten wir in unserem Verein zu welchem Zweck verarbeiten. 1. Ihre Mitgliedschaft im VereinAls Mitglied unseres Vereins, schlie\u00dfen Sie mit uns einen Mitgliedschaftsvertrag ab. [&hellip;]<\/p>\n","protected":false},"author":1,"featured_media":0,"parent":0,"menu_order":0,"comment_status":"closed","ping_status":"closed","template":"","meta":{"ocean_post_layout":"","ocean_both_sidebars_style":"","ocean_both_sidebars_content_width":0,"ocean_both_sidebars_sidebars_width":0,"ocean_sidebar":"","ocean_second_sidebar":"","ocean_disable_margins":"enable","ocean_add_body_class":"","ocean_shortcode_before_top_bar":"","ocean_shortcode_after_top_bar":"","ocean_shortcode_before_header":"","ocean_shortcode_after_header":"","ocean_has_shortcode":"","ocean_shortcode_after_title":"","ocean_shortcode_before_footer_widgets":"","ocean_shortcode_after_footer_widgets":"","ocean_shortcode_before_footer_bottom":"","ocean_shortcode_after_footer_bottom":"","ocean_display_top_bar":"default","ocean_display_header":"default","ocean_header_style":"","ocean_center_header_left_menu":"","ocean_custom_header_template":"","ocean_custom_logo":0,"ocean_custom_retina_logo":0,"ocean_custom_logo_max_width":0,"ocean_custom_logo_tablet_max_width":0,"ocean_custom_logo_mobile_max_width":0,"ocean_custom_logo_max_height":0,"ocean_custom_logo_tablet_max_height":0,"ocean_custom_logo_mobile_max_height":0,"ocean_header_custom_menu":"","ocean_menu_typo_font_family":"","ocean_menu_typo_font_subset":"","ocean_menu_typo_font_size":0,"ocean_menu_typo_font_size_tablet":0,"ocean_menu_typo_font_size_mobile":0,"ocean_menu_typo_font_size_unit":"px","ocean_menu_typo_font_weight":"","ocean_menu_typo_font_weight_tablet":"","ocean_menu_typo_font_weight_mobile":"","ocean_menu_typo_transform":"","ocean_menu_typo_transform_tablet":"","ocean_menu_typo_transform_mobile":"","ocean_menu_typo_line_height":0,"ocean_menu_typo_line_height_tablet":0,"ocean_menu_typo_line_height_mobile":0,"ocean_menu_typo_line_height_unit":"","ocean_menu_typo_spacing":0,"ocean_menu_typo_spacing_tablet":0,"ocean_menu_typo_spacing_mobile":0,"ocean_menu_typo_spacing_unit":"","ocean_menu_link_color":"","ocean_menu_link_color_hover":"","ocean_menu_link_color_active":"","ocean_menu_link_background":"","ocean_menu_link_hover_background":"","ocean_menu_link_active_background":"","ocean_menu_social_links_bg":"","ocean_menu_social_hover_links_bg":"","ocean_menu_social_links_color":"","ocean_menu_social_hover_links_color":"","ocean_disable_title":"default","ocean_disable_heading":"default","ocean_post_title":"","ocean_post_subheading":"","ocean_post_title_style":"","ocean_post_title_background_color":"","ocean_post_title_background":0,"ocean_post_title_bg_image_position":"","ocean_post_title_bg_image_attachment":"","ocean_post_title_bg_image_repeat":"","ocean_post_title_bg_image_size":"","ocean_post_title_height":0,"ocean_post_title_bg_overlay":0.5,"ocean_post_title_bg_overlay_color":"","ocean_disable_breadcrumbs":"default","ocean_breadcrumbs_color":"","ocean_breadcrumbs_separator_color":"","ocean_breadcrumbs_links_color":"","ocean_breadcrumbs_links_hover_color":"","ocean_display_footer_widgets":"default","ocean_display_footer_bottom":"default","ocean_custom_footer_template":"","footnotes":""},"class_list":["post-128","page","type-page","status-publish","hentry","entry"],"_links":{"self":[{"href":"https:\/\/www.tcunionmoedling.com\/index.php?rest_route=\/wp\/v2\/pages\/128","targetHints":{"allow":["GET"]}}],"collection":[{"href":"https:\/\/www.tcunionmoedling.com\/index.php?rest_route=\/wp\/v2\/pages"}],"about":[{"href":"https:\/\/www.tcunionmoedling.com\/index.php?rest_route=\/wp\/v2\/types\/page"}],"author":[{"embeddable":true,"href":"https:\/\/www.tcunionmoedling.com\/index.php?rest_route=\/wp\/v2\/users\/1"}],"replies":[{"embeddable":true,"href":"https:\/\/www.tcunionmoedling.com\/index.php?rest_route=%2Fwp%2Fv2%2Fcomments&post=128"}],"version-history":[{"count":3,"href":"https:\/\/www.tcunionmoedling.com\/index.php?rest_route=\/wp\/v2\/pages\/128\/revisions"}],"predecessor-version":[{"id":301,"href":"https:\/\/www.tcunionmoedling.com\/index.php?rest_route=\/wp\/v2\/pages\/128\/revisions\/301"}],"wp:attachment":[{"href":"https:\/\/www.tcunionmoedling.com\/index.php?rest_route=%2Fwp%2Fv2%2Fmedia&parent=128"}],"curies":[{"name":"wp","href":"https:\/\/api.w.org\/{rel}","templated":true}]}}