{"id":165,"date":"2024-03-06T09:07:39","date_gmt":"2024-03-06T08:07:39","guid":{"rendered":"https:\/\/www.tcunionmoedling.com\/?page_id=165"},"modified":"2025-04-28T11:21:29","modified_gmt":"2025-04-28T09:21:29","slug":"tennisschule","status":"publish","type":"page","link":"https:\/\/www.tcunionmoedling.com\/?page_id=165","title":{"rendered":"Tennisschule"},"content":{"rendered":"\n<h2 class=\"wp-block-heading\">Tennisschule<\/h2>\n\n\n\n<figure class=\"wp-block-image size-full\"><img loading=\"lazy\" decoding=\"async\" width=\"724\" height=\"1024\" src=\"https:\/\/www.tcunionmoedling.com\/wp-content\/uploads\/2025\/03\/tennisschule1.png\" alt=\"\" class=\"wp-image-899\" srcset=\"https:\/\/www.tcunionmoedling.com\/wp-content\/uploads\/2025\/03\/tennisschule1.png 724w, https:\/\/www.tcunionmoedling.com\/wp-content\/uploads\/2025\/03\/tennisschule1-212x300.png 212w\" sizes=\"auto, (max-width: 724px) 100vw, 724px\" \/><\/figure>\n\n\n\n<p>F\u00fcr G\u00e4ste u. Anf\u00e4nger bieten wir in unserer Tennisschule allen Leistungs- u. Altersstufen, unter Anleitung durch unser erfahrenes Trainerteam, die M\u00f6glichkeit den Tennissport vom Anfang an richtig zu erlernen.<\/p>\n\n\n\n<p>Einzel- und Gruppen-Trainings sind auch jederzeit m\u00f6glich !<\/p>\n\n\n\n<p>In den Sommermonaten (Schulferienzeit) finden auch mehrere&nbsp;<strong>Tenniscamps<\/strong>&nbsp;mit Betreuung und Mittagessen statt.<\/p>\n\n\n\n<figure class=\"wp-block-image size-full\"><img loading=\"lazy\" decoding=\"async\" width=\"724\" height=\"1024\" src=\"https:\/\/www.tcunionmoedling.com\/wp-content\/uploads\/2025\/03\/tennisschule.png\" alt=\"\" class=\"wp-image-897\" srcset=\"https:\/\/www.tcunionmoedling.com\/wp-content\/uploads\/2025\/03\/tennisschule.png 724w, https:\/\/www.tcunionmoedling.com\/wp-content\/uploads\/2025\/03\/tennisschule-212x300.png 212w\" sizes=\"auto, (max-width: 724px) 100vw, 724px\" \/><\/figure>\n\n\n\n<p><\/p>\n\n\n\n<p><a href=\"https:\/\/www.tennis-moedling.at\/\">Tennis M\u00f6dling &#8211; Wien Umgebung &#8211; Tennisschule Buberl (tennis-moedling.at)<\/a><\/p>\n\n\n\n<p><\/p>\n","protected":false},"excerpt":{"rendered":"<p>Tennisschule F\u00fcr G\u00e4ste u. Anf\u00e4nger bieten wir in unserer Tennisschule allen Leistungs- u. Altersstufen, unter Anleitung durch unser erfahrenes Trainerteam, die M\u00f6glichkeit den Tennissport vom Anfang an richtig zu erlernen. Einzel- und Gruppen-Trainings sind auch jederzeit m\u00f6glich ! In den Sommermonaten (Schulferienzeit) finden auch mehrere&nbsp;Tenniscamps&nbsp;mit Betreuung und Mittagessen statt. Tennis M\u00f6dling &#8211; Wien Umgebung &#8211; [&hellip;]<\/p>\n","protected":false},"author":2,"featured_media":0,"parent":0,"menu_order":0,"comment_status":"closed","ping_status":"closed","template":"","meta":{"ocean_post_layout":"","ocean_both_sidebars_style":"","ocean_both_sidebars_content_width":0,"ocean_both_sidebars_sidebars_width":0,"ocean_sidebar":"","ocean_second_sidebar":"","ocean_disable_margins":"enable","ocean_add_body_class":"","ocean_shortcode_before_top_bar":"","ocean_shortcode_after_top_bar":"","ocean_shortcode_before_header":"","ocean_shortcode_after_header":"","ocean_has_shortcode":"","ocean_shortcode_after_title":"","ocean_shortcode_before_footer_widgets":"","ocean_shortcode_after_footer_widgets":"","ocean_shortcode_before_footer_bottom":"","ocean_shortcode_after_footer_bottom":"","ocean_display_top_bar":"default","ocean_display_header":"default","ocean_header_style":"","ocean_center_header_left_menu":"","ocean_custom_header_template":"","ocean_custom_logo":0,"ocean_custom_retina_logo":0,"ocean_custom_logo_max_width":0,"ocean_custom_logo_tablet_max_width":0,"ocean_custom_logo_mobile_max_width":0,"ocean_custom_logo_max_height":0,"ocean_custom_logo_tablet_max_height":0,"ocean_custom_logo_mobile_max_height":0,"ocean_header_custom_menu":"","ocean_menu_typo_font_family":"","ocean_menu_typo_font_subset":"","ocean_menu_typo_font_size":0,"ocean_menu_typo_font_size_tablet":0,"ocean_menu_typo_font_size_mobile":0,"ocean_menu_typo_font_size_unit":"px","ocean_menu_typo_font_weight":"","ocean_menu_typo_font_weight_tablet":"","ocean_menu_typo_font_weight_mobile":"","ocean_menu_typo_transform":"","ocean_menu_typo_transform_tablet":"","ocean_menu_typo_transform_mobile":"","ocean_menu_typo_line_height":0,"ocean_menu_typo_line_height_tablet":0,"ocean_menu_typo_line_height_mobile":0,"ocean_menu_typo_line_height_unit":"","ocean_menu_typo_spacing":0,"ocean_menu_typo_spacing_tablet":0,"ocean_menu_typo_spacing_mobile":0,"ocean_menu_typo_spacing_unit":"","ocean_menu_link_color":"","ocean_menu_link_color_hover":"","ocean_menu_link_color_active":"","ocean_menu_link_background":"","ocean_menu_link_hover_background":"","ocean_menu_link_active_background":"","ocean_menu_social_links_bg":"","ocean_menu_social_hover_links_bg":"","ocean_menu_social_links_color":"","ocean_menu_social_hover_links_color":"","ocean_disable_title":"default","ocean_disable_heading":"default","ocean_post_title":"","ocean_post_subheading":"","ocean_post_title_style":"","ocean_post_title_background_color":"","ocean_post_title_background":0,"ocean_post_title_bg_image_position":"","ocean_post_title_bg_image_attachment":"","ocean_post_title_bg_image_repeat":"","ocean_post_title_bg_image_size":"","ocean_post_title_height":0,"ocean_post_title_bg_overlay":0.5,"ocean_post_title_bg_overlay_color":"","ocean_disable_breadcrumbs":"default","ocean_breadcrumbs_color":"","ocean_breadcrumbs_separator_color":"","ocean_breadcrumbs_links_color":"","ocean_breadcrumbs_links_hover_color":"","ocean_display_footer_widgets":"default","ocean_display_footer_bottom":"default","ocean_custom_footer_template":"","footnotes":""},"class_list":["post-165","page","type-page","status-publish","hentry","entry"],"_links":{"self":[{"href":"https:\/\/www.tcunionmoedling.com\/index.php?rest_route=\/wp\/v2\/pages\/165","targetHints":{"allow":["GET"]}}],"collection":[{"href":"https:\/\/www.tcunionmoedling.com\/index.php?rest_route=\/wp\/v2\/pages"}],"about":[{"href":"https:\/\/www.tcunionmoedling.com\/index.php?rest_route=\/wp\/v2\/types\/page"}],"author":[{"embeddable":true,"href":"https:\/\/www.tcunionmoedling.com\/index.php?rest_route=\/wp\/v2\/users\/2"}],"replies":[{"embeddable":true,"href":"https:\/\/www.tcunionmoedling.com\/index.php?rest_route=%2Fwp%2Fv2%2Fcomments&post=165"}],"version-history":[{"count":11,"href":"https:\/\/www.tcunionmoedling.com\/index.php?rest_route=\/wp\/v2\/pages\/165\/revisions"}],"predecessor-version":[{"id":1005,"href":"https:\/\/www.tcunionmoedling.com\/index.php?rest_route=\/wp\/v2\/pages\/165\/revisions\/1005"}],"wp:attachment":[{"href":"https:\/\/www.tcunionmoedling.com\/index.php?rest_route=%2Fwp%2Fv2%2Fmedia&parent=165"}],"curies":[{"name":"wp","href":"https:\/\/api.w.org\/{rel}","templated":true}]}}