{"id":20,"date":"2024-01-14T18:53:53","date_gmt":"2024-01-14T17:53:53","guid":{"rendered":"https:\/\/www.tcunionmoedling.com\/?page_id=20"},"modified":"2025-07-24T07:36:30","modified_gmt":"2025-07-24T05:36:30","slug":"kontakt","status":"publish","type":"page","link":"https:\/\/www.tcunionmoedling.com\/?page_id=20","title":{"rendered":"Kantine"},"content":{"rendered":"\n<h2 class=\"wp-block-heading\">Kantine<\/h2>\n\n\n\n<p><br><img loading=\"lazy\" decoding=\"async\" width=\"150\" height=\"194\" class=\"wp-image-1149\" style=\"width: 150px;\" src=\"https:\/\/www.tcunionmoedling.com\/wp-content\/uploads\/2025\/07\/71ac9887-fd01-4e90-b5ec-6ac66cf59aeb.jpeg\" alt=\"\" srcset=\"https:\/\/www.tcunionmoedling.com\/wp-content\/uploads\/2025\/07\/71ac9887-fd01-4e90-b5ec-6ac66cf59aeb.jpeg 1179w, https:\/\/www.tcunionmoedling.com\/wp-content\/uploads\/2025\/07\/71ac9887-fd01-4e90-b5ec-6ac66cf59aeb-232x300.jpeg 232w, https:\/\/www.tcunionmoedling.com\/wp-content\/uploads\/2025\/07\/71ac9887-fd01-4e90-b5ec-6ac66cf59aeb-791x1024.jpeg 791w, https:\/\/www.tcunionmoedling.com\/wp-content\/uploads\/2025\/07\/71ac9887-fd01-4e90-b5ec-6ac66cf59aeb-768x994.jpeg 768w\" sizes=\"auto, (max-width: 150px) 100vw, 150px\" \/><br>Vor und nach dem Spiel &#8211; oder einfach mal so &#8211; k\u00f6nnt ihr euch auf unserer sonnigen Terrasse kulinarisch verw\u00f6hnen lassen und gem\u00fctlich zusammensitzen. Und das im Gr\u00fcnen mit Blick auf die Tennispl\u00e4tze und spannende Matches. Falls das Wetter einmal nicht perfekt ist, gibt es auch Platz in der guten Stube. Immer wieder veranstalten wir Events wo Mitglieder und G\u00e4ste unseres Tennisclubs zusammenkommen und gemeinsam feiern.\u00a0<\/p>\n\n\n\n<p><strong>Wir freuen uns sehr dass Dragana dieses Jahr die Kantine  leitet.<\/strong><\/p>\n\n\n\n<p>Die Kantine ist ab dem Saisonstart ge\u00f6ffnet.<\/p>\n\n\n\n<figure class=\"wp-block-gallery has-nested-images columns-default is-cropped wp-block-gallery-1 is-layout-flex wp-block-gallery-is-layout-flex\">\n<figure class=\"wp-block-image size-large\"><img loading=\"lazy\" decoding=\"async\" width=\"1024\" height=\"768\" data-id=\"663\" src=\"https:\/\/www.tcunionmoedling.com\/wp-content\/uploads\/2024\/06\/kantine09-1024x768.jpg\" alt=\"\" class=\"wp-image-663\" srcset=\"https:\/\/www.tcunionmoedling.com\/wp-content\/uploads\/2024\/06\/kantine09-1024x768.jpg 1024w, https:\/\/www.tcunionmoedling.com\/wp-content\/uploads\/2024\/06\/kantine09-300x225.jpg 300w, https:\/\/www.tcunionmoedling.com\/wp-content\/uploads\/2024\/06\/kantine09-768x576.jpg 768w, https:\/\/www.tcunionmoedling.com\/wp-content\/uploads\/2024\/06\/kantine09-1536x1152.jpg 1536w, https:\/\/www.tcunionmoedling.com\/wp-content\/uploads\/2024\/06\/kantine09.jpg 2000w\" sizes=\"auto, (max-width: 1024px) 100vw, 1024px\" \/><\/figure>\n\n\n\n<figure class=\"wp-block-image size-large\"><img loading=\"lazy\" decoding=\"async\" width=\"1024\" height=\"768\" data-id=\"664\" src=\"https:\/\/www.tcunionmoedling.com\/wp-content\/uploads\/2024\/06\/kantine10-1024x768.jpg\" alt=\"\" class=\"wp-image-664\" srcset=\"https:\/\/www.tcunionmoedling.com\/wp-content\/uploads\/2024\/06\/kantine10-1024x768.jpg 1024w, https:\/\/www.tcunionmoedling.com\/wp-content\/uploads\/2024\/06\/kantine10-300x225.jpg 300w, https:\/\/www.tcunionmoedling.com\/wp-content\/uploads\/2024\/06\/kantine10-768x576.jpg 768w, https:\/\/www.tcunionmoedling.com\/wp-content\/uploads\/2024\/06\/kantine10-1536x1152.jpg 1536w, https:\/\/www.tcunionmoedling.com\/wp-content\/uploads\/2024\/06\/kantine10.jpg 2000w\" sizes=\"auto, (max-width: 1024px) 100vw, 1024px\" \/><\/figure>\n\n\n\n<figure class=\"wp-block-image size-large\"><img loading=\"lazy\" decoding=\"async\" width=\"1024\" height=\"768\" data-id=\"665\" src=\"https:\/\/www.tcunionmoedling.com\/wp-content\/uploads\/2024\/06\/kantine12-1024x768.jpg\" alt=\"\" class=\"wp-image-665\" srcset=\"https:\/\/www.tcunionmoedling.com\/wp-content\/uploads\/2024\/06\/kantine12-1024x768.jpg 1024w, https:\/\/www.tcunionmoedling.com\/wp-content\/uploads\/2024\/06\/kantine12-300x225.jpg 300w, https:\/\/www.tcunionmoedling.com\/wp-content\/uploads\/2024\/06\/kantine12-768x576.jpg 768w, https:\/\/www.tcunionmoedling.com\/wp-content\/uploads\/2024\/06\/kantine12-1536x1152.jpg 1536w, https:\/\/www.tcunionmoedling.com\/wp-content\/uploads\/2024\/06\/kantine12.jpg 2000w\" sizes=\"auto, (max-width: 1024px) 100vw, 1024px\" \/><\/figure>\n\n\n\n<figure class=\"wp-block-image size-large\"><img loading=\"lazy\" decoding=\"async\" width=\"1024\" height=\"768\" data-id=\"658\" src=\"https:\/\/www.tcunionmoedling.com\/wp-content\/uploads\/2024\/06\/kantine04-1024x768.jpg\" alt=\"\" class=\"wp-image-658\" srcset=\"https:\/\/www.tcunionmoedling.com\/wp-content\/uploads\/2024\/06\/kantine04-1024x768.jpg 1024w, https:\/\/www.tcunionmoedling.com\/wp-content\/uploads\/2024\/06\/kantine04-300x225.jpg 300w, https:\/\/www.tcunionmoedling.com\/wp-content\/uploads\/2024\/06\/kantine04-768x576.jpg 768w, https:\/\/www.tcunionmoedling.com\/wp-content\/uploads\/2024\/06\/kantine04-1536x1152.jpg 1536w, https:\/\/www.tcunionmoedling.com\/wp-content\/uploads\/2024\/06\/kantine04.jpg 2000w\" sizes=\"auto, (max-width: 1024px) 100vw, 1024px\" \/><\/figure>\n\n\n\n<figure class=\"wp-block-image size-large\"><img loading=\"lazy\" decoding=\"async\" width=\"1024\" height=\"768\" data-id=\"662\" src=\"https:\/\/www.tcunionmoedling.com\/wp-content\/uploads\/2024\/06\/kantine08-1024x768.jpg\" alt=\"\" class=\"wp-image-662\" srcset=\"https:\/\/www.tcunionmoedling.com\/wp-content\/uploads\/2024\/06\/kantine08-1024x768.jpg 1024w, https:\/\/www.tcunionmoedling.com\/wp-content\/uploads\/2024\/06\/kantine08-300x225.jpg 300w, https:\/\/www.tcunionmoedling.com\/wp-content\/uploads\/2024\/06\/kantine08-768x576.jpg 768w, https:\/\/www.tcunionmoedling.com\/wp-content\/uploads\/2024\/06\/kantine08-1536x1152.jpg 1536w, https:\/\/www.tcunionmoedling.com\/wp-content\/uploads\/2024\/06\/kantine08.jpg 2000w\" sizes=\"auto, (max-width: 1024px) 100vw, 1024px\" \/><\/figure>\n\n\n\n<figure class=\"wp-block-image size-large\"><img loading=\"lazy\" decoding=\"async\" width=\"1024\" height=\"768\" data-id=\"660\" src=\"https:\/\/www.tcunionmoedling.com\/wp-content\/uploads\/2024\/06\/kantine01-1024x768.jpg\" alt=\"\" class=\"wp-image-660\" srcset=\"https:\/\/www.tcunionmoedling.com\/wp-content\/uploads\/2024\/06\/kantine01-1024x768.jpg 1024w, https:\/\/www.tcunionmoedling.com\/wp-content\/uploads\/2024\/06\/kantine01-300x225.jpg 300w, https:\/\/www.tcunionmoedling.com\/wp-content\/uploads\/2024\/06\/kantine01-768x576.jpg 768w, https:\/\/www.tcunionmoedling.com\/wp-content\/uploads\/2024\/06\/kantine01-1536x1152.jpg 1536w, https:\/\/www.tcunionmoedling.com\/wp-content\/uploads\/2024\/06\/kantine01.jpg 2000w\" sizes=\"auto, (max-width: 1024px) 100vw, 1024px\" \/><\/figure>\n\n\n\n<figure class=\"wp-block-image size-large\"><img loading=\"lazy\" decoding=\"async\" width=\"1024\" height=\"768\" data-id=\"661\" src=\"https:\/\/www.tcunionmoedling.com\/wp-content\/uploads\/2024\/06\/kantine11-1024x768.jpg\" alt=\"\" class=\"wp-image-661\" srcset=\"https:\/\/www.tcunionmoedling.com\/wp-content\/uploads\/2024\/06\/kantine11-1024x768.jpg 1024w, https:\/\/www.tcunionmoedling.com\/wp-content\/uploads\/2024\/06\/kantine11-300x225.jpg 300w, https:\/\/www.tcunionmoedling.com\/wp-content\/uploads\/2024\/06\/kantine11-768x576.jpg 768w, https:\/\/www.tcunionmoedling.com\/wp-content\/uploads\/2024\/06\/kantine11-1536x1152.jpg 1536w, https:\/\/www.tcunionmoedling.com\/wp-content\/uploads\/2024\/06\/kantine11.jpg 2000w\" sizes=\"auto, (max-width: 1024px) 100vw, 1024px\" \/><\/figure>\n<\/figure>\n","protected":false},"excerpt":{"rendered":"<p>Kantine Vor und nach dem Spiel &#8211; oder einfach mal so &#8211; k\u00f6nnt ihr euch auf unserer sonnigen Terrasse kulinarisch verw\u00f6hnen lassen und gem\u00fctlich zusammensitzen. Und das im Gr\u00fcnen mit Blick auf die Tennispl\u00e4tze und spannende Matches. Falls das Wetter einmal nicht perfekt ist, gibt es auch Platz in der guten Stube. Immer wieder veranstalten [&hellip;]<\/p>\n","protected":false},"author":1,"featured_media":0,"parent":0,"menu_order":0,"comment_status":"closed","ping_status":"closed","template":"","meta":{"ocean_post_layout":"","ocean_both_sidebars_style":"","ocean_both_sidebars_content_width":0,"ocean_both_sidebars_sidebars_width":0,"ocean_sidebar":"","ocean_second_sidebar":"","ocean_disable_margins":"enable","ocean_add_body_class":"","ocean_shortcode_before_top_bar":"","ocean_shortcode_after_top_bar":"","ocean_shortcode_before_header":"","ocean_shortcode_after_header":"","ocean_has_shortcode":"","ocean_shortcode_after_title":"","ocean_shortcode_before_footer_widgets":"","ocean_shortcode_after_footer_widgets":"","ocean_shortcode_before_footer_bottom":"","ocean_shortcode_after_footer_bottom":"","ocean_display_top_bar":"default","ocean_display_header":"default","ocean_header_style":"","ocean_center_header_left_menu":"","ocean_custom_header_template":"","ocean_custom_logo":0,"ocean_custom_retina_logo":0,"ocean_custom_logo_max_width":0,"ocean_custom_logo_tablet_max_width":0,"ocean_custom_logo_mobile_max_width":0,"ocean_custom_logo_max_height":0,"ocean_custom_logo_tablet_max_height":0,"ocean_custom_logo_mobile_max_height":0,"ocean_header_custom_menu":"","ocean_menu_typo_font_family":"","ocean_menu_typo_font_subset":"","ocean_menu_typo_font_size":0,"ocean_menu_typo_font_size_tablet":0,"ocean_menu_typo_font_size_mobile":0,"ocean_menu_typo_font_size_unit":"px","ocean_menu_typo_font_weight":"","ocean_menu_typo_font_weight_tablet":"","ocean_menu_typo_font_weight_mobile":"","ocean_menu_typo_transform":"","ocean_menu_typo_transform_tablet":"","ocean_menu_typo_transform_mobile":"","ocean_menu_typo_line_height":0,"ocean_menu_typo_line_height_tablet":0,"ocean_menu_typo_line_height_mobile":0,"ocean_menu_typo_line_height_unit":"","ocean_menu_typo_spacing":0,"ocean_menu_typo_spacing_tablet":0,"ocean_menu_typo_spacing_mobile":0,"ocean_menu_typo_spacing_unit":"","ocean_menu_link_color":"","ocean_menu_link_color_hover":"","ocean_menu_link_color_active":"","ocean_menu_link_background":"","ocean_menu_link_hover_background":"","ocean_menu_link_active_background":"","ocean_menu_social_links_bg":"","ocean_menu_social_hover_links_bg":"","ocean_menu_social_links_color":"","ocean_menu_social_hover_links_color":"","ocean_disable_title":"default","ocean_disable_heading":"default","ocean_post_title":"","ocean_post_subheading":"","ocean_post_title_style":"","ocean_post_title_background_color":"","ocean_post_title_background":0,"ocean_post_title_bg_image_position":"","ocean_post_title_bg_image_attachment":"","ocean_post_title_bg_image_repeat":"","ocean_post_title_bg_image_size":"","ocean_post_title_height":0,"ocean_post_title_bg_overlay":0.5,"ocean_post_title_bg_overlay_color":"","ocean_disable_breadcrumbs":"default","ocean_breadcrumbs_color":"","ocean_breadcrumbs_separator_color":"","ocean_breadcrumbs_links_color":"","ocean_breadcrumbs_links_hover_color":"","ocean_display_footer_widgets":"default","ocean_display_footer_bottom":"default","ocean_custom_footer_template":"","footnotes":""},"class_list":["post-20","page","type-page","status-publish","hentry","entry"],"_links":{"self":[{"href":"https:\/\/www.tcunionmoedling.com\/index.php?rest_route=\/wp\/v2\/pages\/20","targetHints":{"allow":["GET"]}}],"collection":[{"href":"https:\/\/www.tcunionmoedling.com\/index.php?rest_route=\/wp\/v2\/pages"}],"about":[{"href":"https:\/\/www.tcunionmoedling.com\/index.php?rest_route=\/wp\/v2\/types\/page"}],"author":[{"embeddable":true,"href":"https:\/\/www.tcunionmoedling.com\/index.php?rest_route=\/wp\/v2\/users\/1"}],"replies":[{"embeddable":true,"href":"https:\/\/www.tcunionmoedling.com\/index.php?rest_route=%2Fwp%2Fv2%2Fcomments&post=20"}],"version-history":[{"count":35,"href":"https:\/\/www.tcunionmoedling.com\/index.php?rest_route=\/wp\/v2\/pages\/20\/revisions"}],"predecessor-version":[{"id":1153,"href":"https:\/\/www.tcunionmoedling.com\/index.php?rest_route=\/wp\/v2\/pages\/20\/revisions\/1153"}],"wp:attachment":[{"href":"https:\/\/www.tcunionmoedling.com\/index.php?rest_route=%2Fwp%2Fv2%2Fmedia&parent=20"}],"curies":[{"name":"wp","href":"https:\/\/api.w.org\/{rel}","templated":true}]}}